{"id":15,"date":"2018-09-26T17:02:53","date_gmt":"2018-09-26T15:02:53","guid":{"rendered":"http:\/\/webuild.netbee.shop\/demo\/?page_id=15"},"modified":"2018-09-26T17:12:00","modified_gmt":"2018-09-26T15:12:00","slug":"actu","status":"publish","type":"page","link":"https:\/\/scid-challancin.fr\/index.php\/actu\/","title":{"rendered":"Actu"},"content":{"rendered":"<p>[vc_row][vc_column width=\u00a0\u00bb1\/1&Prime;]<div class=\"blog-default blog-layout-default\"><article id=\"post-5702\" class=\"post-5702 post type-post status-publish format-standard has-post-thumbnail hentry category-non-classe\">\r\n\t<div class=\"row\">\r\n\t\t<div class=\"entry-image\"><a href=\"https:\/\/scid-challancin.fr\/index.php\/2023\/12\/27\/accords-dentreprise-challancin-le-syndicat-scid-en-action\/\" class=\"post-thumbnail\"><img loading=\"lazy\" decoding=\"async\" width=\"1333\" height=\"2000\" src=\"https:\/\/scid-challancin.fr\/wp-content\/uploads\/2023\/12\/2.jpg\" class=\"attachment-full size-full wp-post-image\" alt=\"\" srcset=\"https:\/\/scid-challancin.fr\/wp-content\/uploads\/2023\/12\/2.jpg 1333w, https:\/\/scid-challancin.fr\/wp-content\/uploads\/2023\/12\/2-200x300.jpg 200w, https:\/\/scid-challancin.fr\/wp-content\/uploads\/2023\/12\/2-682x1024.jpg 682w, https:\/\/scid-challancin.fr\/wp-content\/uploads\/2023\/12\/2-768x1152.jpg 768w, https:\/\/scid-challancin.fr\/wp-content\/uploads\/2023\/12\/2-1024x1536.jpg 1024w\" sizes=\"(max-width: 1333px) 100vw, 1333px\" \/><span class=\"entry-image-overlay\"><\/span><\/a><\/div><!-- entry-image -->\t\t<div class=\"col-md-12\">\r\n\t\t\t<header class=\"entry-header-top border-left\"><h2 class=\"entry-title\"><a href=\"https:\/\/scid-challancin.fr\/index.php\/2023\/12\/27\/accords-dentreprise-challancin-le-syndicat-scid-en-action\/\" rel=\"bookmark\">ACCORDS d\u2019ENTREPRISE CHALLANCIN &#8211; LE SYNDICAT SCID EN ACTION<\/a><\/h2><span class=\"entry-profile\"><span class=\"col\"><span class=\"entry-author-link\"><strong>By:<\/strong><span class=\"author vcard\"><a class=\"url fn n\" href=\"https:\/\/scid-challancin.fr\/index.php\/author\/admin6165\/\" rel=\"author\">admin6165<\/a><\/span><\/span><span class=\"entry-date\"><strong>Posted: <\/strong>D\u00e9c 27th, 2023<\/span><\/span><\/span><span class=\"entry-categories\"><strong>In:<\/strong> <a href=\"https:\/\/scid-challancin.fr\/index.php\/category\/non-classe\/\" class=\"categories-name\">Non class\u00e9<\/a><\/span><span class=\"entry-comments-link\"><a href=\"https:\/\/scid-challancin.fr\/index.php\/2023\/12\/27\/accords-dentreprise-challancin-le-syndicat-scid-en-action\/#respond\">0<\/a><\/span><\/header>\t\t<\/div>\r\n\t\t<div class=\"col-md-12\">\r\n\t\t\t<div class=\"border\">\r\n\t\t\t\t\t\t\t\t\t<div class=\"post-excerpt entry-summary\"><p>ACCORDS D\u2019ENTREPRISE CHALLANCIN PREVENTION ET SECURITE Les tensions pendant les n\u00e9gociations ont abouti \u00e0 des petites avanc\u00e9es, il faudra faire mieux aux prochaines n\u00e9gociations! R\u00e9sum\u00e9 des Accords d&rsquo;Entreprise qu\u2019on a obtenu ! Merci de le[...]<\/p><a href=\"https:\/\/scid-challancin.fr\/index.php\/2023\/12\/27\/accords-dentreprise-challancin-le-syndicat-scid-en-action\/\" class=\"entry-more pro-btn pro-btn-rounded pro-btn-xxs pro-btn-flat-accent\">Read More<span class=\"screen-reader-text\"> about ACCORDS d\u2019ENTREPRISE CHALLANCIN &#8211; LE SYNDICAT SCID EN ACTION<\/span><\/a><\/div><!-- \/entry-summary -->\r\n\t\t\t\t\t\t\t<\/div>\r\n\t\t<\/div>\r\n\t<\/div>\r\n\t<\/article>\r\n<!-- \/post-standard --><article id=\"post-5686\" class=\"post-5686 post type-post status-publish format-standard hentry category-non-classe\">\r\n\t<div class=\"row\">\r\n\t\t\t\t<div class=\"col-md-12\">\r\n\t\t\t<header class=\"entry-header-top border-left\"><h2 class=\"entry-title\"><a href=\"https:\/\/scid-challancin.fr\/index.php\/2021\/11\/27\/le-syndicat-scid-quitte-la-reunion-cse-conflit-avec-la-direction-de-challancin\/\" rel=\"bookmark\">Le syndicat SCID quitte la r\u00e9union CSE : conflit avec la direction de Challancin?<\/a><\/h2><span class=\"entry-profile\"><span class=\"col\"><span class=\"entry-author-link\"><strong>By:<\/strong><span class=\"author vcard\"><a class=\"url fn n\" href=\"https:\/\/scid-challancin.fr\/index.php\/author\/admin6165\/\" rel=\"author\">admin6165<\/a><\/span><\/span><span class=\"entry-date\"><strong>Posted: <\/strong>Nov 27th, 2021<\/span><\/span><\/span><span class=\"entry-categories\"><strong>In:<\/strong> <a href=\"https:\/\/scid-challancin.fr\/index.php\/category\/non-classe\/\" class=\"categories-name\">Non class\u00e9<\/a><\/span><span class=\"entry-comments-link\"><a href=\"https:\/\/scid-challancin.fr\/index.php\/2021\/11\/27\/le-syndicat-scid-quitte-la-reunion-cse-conflit-avec-la-direction-de-challancin\/#respond\">0<\/a><\/span><\/header>\t\t<\/div>\r\n\t\t<div class=\"col-md-12\">\r\n\t\t\t<div class=\"border\">\r\n\t\t\t\t\t\t\t\t\t<div class=\"post-excerpt entry-summary\"><p>Les \u00e9lus du syndicat SCID ont quitt\u00e9 la r\u00e9union CSE du 25 novembre 2021 pour s&rsquo;opposer au comportement de la direction et \u00e0 la politique RH qui est men\u00e9e. Aujourd&rsquo;hui nous publions ce communiqu\u00e9 pour[...]<\/p><a href=\"https:\/\/scid-challancin.fr\/index.php\/2021\/11\/27\/le-syndicat-scid-quitte-la-reunion-cse-conflit-avec-la-direction-de-challancin\/\" class=\"entry-more pro-btn pro-btn-rounded pro-btn-xxs pro-btn-flat-accent\">Read More<span class=\"screen-reader-text\"> about Le syndicat SCID quitte la r\u00e9union CSE : conflit avec la direction de Challancin?<\/span><\/a><\/div><!-- \/entry-summary -->\r\n\t\t\t\t\t\t\t<\/div>\r\n\t\t<\/div>\r\n\t<\/div>\r\n\t<\/article>\r\n<!-- \/post-standard --><article id=\"post-5616\" class=\"post-5616 post type-post status-publish format-standard hentry category-non-classe\">\r\n\t<div class=\"row\">\r\n\t\t\t\t<div class=\"col-md-12\">\r\n\t\t\t<header class=\"entry-header-top border-left\"><h2 class=\"entry-title\"><a href=\"https:\/\/scid-challancin.fr\/index.php\/2019\/10\/31\/election-cse-challancin\/\" rel=\"bookmark\">\u00c9lections CSE Challancin : Tension maximum<\/a><\/h2><span class=\"entry-profile\"><span class=\"col\"><span class=\"entry-author-link\"><strong>By:<\/strong><span class=\"author vcard\"><a class=\"url fn n\" href=\"https:\/\/scid-challancin.fr\/index.php\/author\/admin6165\/\" rel=\"author\">admin6165<\/a><\/span><\/span><span class=\"entry-date\"><strong>Posted: <\/strong>Oct 31st, 2019<\/span><\/span><\/span><span class=\"entry-categories\"><strong>In:<\/strong> <a href=\"https:\/\/scid-challancin.fr\/index.php\/category\/non-classe\/\" class=\"categories-name\">Non class\u00e9<\/a><\/span><span class=\"entry-comments-link\"><a href=\"https:\/\/scid-challancin.fr\/index.php\/2019\/10\/31\/election-cse-challancin\/#respond\">0<\/a><\/span><\/header>\t\t<\/div>\r\n\t\t<div class=\"col-md-12\">\r\n\t\t\t<div class=\"border\">\r\n\t\t\t\t\t\t\t\t\t<div class=\"post-excerpt entry-summary\"><p>Tensions sur l&rsquo;entreprise Challancin. Interview r\u00e9alis\u00e9e par Eric du scid-challancin.\ufeff Aujourd&rsquo;hui on fait l&rsquo;interview du repr\u00e9sentant de notre syndicat sur l&rsquo;entreprise Challancin, Mehdi Ferdi, qui nous a rejoint dans la lutte depuis quelques mois. \u00c9ric:[...]<\/p><a href=\"https:\/\/scid-challancin.fr\/index.php\/2019\/10\/31\/election-cse-challancin\/\" class=\"entry-more pro-btn pro-btn-rounded pro-btn-xxs pro-btn-flat-accent\">Read More<span class=\"screen-reader-text\"> about \u00c9lections CSE Challancin : Tension maximum<\/span><\/a><\/div><!-- \/entry-summary -->\r\n\t\t\t\t\t\t\t<\/div>\r\n\t\t<\/div>\r\n\t<\/div>\r\n\t<\/article>\r\n<!-- \/post-standard --><article id=\"post-5607\" class=\"post-5607 post type-post status-publish format-standard hentry category-non-classe\">\r\n\t<div class=\"row\">\r\n\t\t\t\t<div class=\"col-md-12\">\r\n\t\t\t<header class=\"entry-header-top border-left\"><h2 class=\"entry-title\"><a href=\"https:\/\/scid-challancin.fr\/index.php\/2019\/10\/05\/stop-a-larnaque\/\" rel=\"bookmark\">Stop \u00e0 l&rsquo;arnaque<\/a><\/h2><span class=\"entry-profile\"><span class=\"col\"><span class=\"entry-author-link\"><strong>By:<\/strong><span class=\"author vcard\"><a class=\"url fn n\" href=\"https:\/\/scid-challancin.fr\/index.php\/author\/admin6165\/\" rel=\"author\">admin6165<\/a><\/span><\/span><span class=\"entry-date\"><strong>Posted: <\/strong>Oct 5th, 2019<\/span><\/span><\/span><span class=\"entry-categories\"><strong>In:<\/strong> <a href=\"https:\/\/scid-challancin.fr\/index.php\/category\/non-classe\/\" class=\"categories-name\">Non class\u00e9<\/a><\/span><span class=\"entry-comments-link\"><a href=\"https:\/\/scid-challancin.fr\/index.php\/2019\/10\/05\/stop-a-larnaque\/#respond\">0<\/a><\/span><\/header>\t\t<\/div>\r\n\t\t<div class=\"col-md-12\">\r\n\t\t\t<div class=\"border\">\r\n\t\t\t\t\t\t\t\t\t<div class=\"post-excerpt entry-summary\"><p><\/p><a href=\"https:\/\/scid-challancin.fr\/index.php\/2019\/10\/05\/stop-a-larnaque\/\" class=\"entry-more pro-btn pro-btn-rounded pro-btn-xxs pro-btn-flat-accent\">Read More<span class=\"screen-reader-text\"> about Stop \u00e0 l&rsquo;arnaque<\/span><\/a><\/div><!-- \/entry-summary -->\r\n\t\t\t\t\t\t\t<\/div>\r\n\t\t<\/div>\r\n\t<\/div>\r\n\t<\/article>\r\n<!-- \/post-standard --><article id=\"post-5591\" class=\"post-5591 post type-post status-publish format-standard has-post-thumbnail hentry category-non-classe\">\r\n\t<div class=\"row\">\r\n\t\t<div class=\"entry-image\"><a href=\"https:\/\/scid-challancin.fr\/index.php\/2019\/01\/21\/exercice-bspp\/\" class=\"post-thumbnail\"><img loading=\"lazy\" decoding=\"async\" width=\"1056\" height=\"640\" src=\"https:\/\/scid-challancin.fr\/wp-content\/uploads\/2019\/01\/vignette-pompier-2.jpg\" class=\"attachment-full size-full wp-post-image\" alt=\"\" srcset=\"https:\/\/scid-challancin.fr\/wp-content\/uploads\/2019\/01\/vignette-pompier-2.jpg 1056w, https:\/\/scid-challancin.fr\/wp-content\/uploads\/2019\/01\/vignette-pompier-2-300x182.jpg 300w, https:\/\/scid-challancin.fr\/wp-content\/uploads\/2019\/01\/vignette-pompier-2-768x465.jpg 768w, https:\/\/scid-challancin.fr\/wp-content\/uploads\/2019\/01\/vignette-pompier-2-1024x621.jpg 1024w\" sizes=\"(max-width: 1056px) 100vw, 1056px\" \/><span class=\"entry-image-overlay\"><\/span><\/a><\/div><!-- entry-image -->\t\t<div class=\"col-md-12\">\r\n\t\t\t<header class=\"entry-header-top border-left\"><h2 class=\"entry-title\"><a href=\"https:\/\/scid-challancin.fr\/index.php\/2019\/01\/21\/exercice-bspp\/\" rel=\"bookmark\">SIHAM ET SON EQUIPE  : ILS ASSURENT<\/a><\/h2><span class=\"entry-profile\"><span class=\"col\"><span class=\"entry-author-link\"><strong>By:<\/strong><span class=\"author vcard\"><a class=\"url fn n\" href=\"https:\/\/scid-challancin.fr\/index.php\/author\/admin6165\/\" rel=\"author\">admin6165<\/a><\/span><\/span><span class=\"entry-date\"><strong>Posted: <\/strong>Jan 21st, 2019<\/span><\/span><\/span><span class=\"entry-categories\"><strong>In:<\/strong> <a href=\"https:\/\/scid-challancin.fr\/index.php\/category\/non-classe\/\" class=\"categories-name\">Non class\u00e9<\/a><\/span><span class=\"entry-comments-link\"><a href=\"https:\/\/scid-challancin.fr\/index.php\/2019\/01\/21\/exercice-bspp\/#respond\">0<\/a><\/span><\/header>\t\t<\/div>\r\n\t\t<div class=\"col-md-12\">\r\n\t\t\t<div class=\"border\">\r\n\t\t\t\t\t\t\t\t\t<div class=\"post-excerpt entry-summary\"><p>EXERCICE CHALLANCIN AVEC LA BSPP Bravo au professionnalisme de Madame Barre Siham, chef d&rsquo;\u00e9quipe incendie, ainsi que les agents pr\u00e9sents ce jour-l\u00e0 qui ont tous particip\u00e9 \u00e0 la bonne marche des exercices en accompagnant les[...]<\/p><a href=\"https:\/\/scid-challancin.fr\/index.php\/2019\/01\/21\/exercice-bspp\/\" class=\"entry-more pro-btn pro-btn-rounded pro-btn-xxs pro-btn-flat-accent\">Read More<span class=\"screen-reader-text\"> about SIHAM ET SON EQUIPE  : ILS ASSURENT<\/span><\/a><\/div><!-- \/entry-summary -->\r\n\t\t\t\t\t\t\t<\/div>\r\n\t\t<\/div>\r\n\t<\/div>\r\n\t<\/article>\r\n<!-- \/post-standard -->\t\t\t\t<div class=\"clear\"><\/div>\r\n\t\t\t\t<nav class=\"pagination page-pagination\">\r\n\t\t\t\t\t<div class=\"pagination-shadow\">\r\n\t\t\t\t\t\t<span aria-current=\"page\" class=\"page-numbers current\">1<\/span><a class=\"page-numbers\" href=\"https:\/\/scid-challancin.fr\/index.php\/wp-json\/wp\/v2\/pages\/15\/page\/2\/\">2<\/a><a class=\"next page-numbers\" href=\"https:\/\/scid-challancin.fr\/index.php\/wp-json\/wp\/v2\/pages\/15\/page\/2\/\">Next<\/a>\t\t\t\t\t<\/div>\r\n\t\t\t\t<\/nav>\r\n\t\t\t\t<\/div>[\/vc_column][\/vc_row]<\/p>\n","protected":false},"excerpt":{"rendered":"<p>[vc_row][vc_column width=\u00a0\u00bb1\/1&Prime;][\/vc_column][\/vc_row]<\/p>\n<a href=\"https:\/\/scid-challancin.fr\/index.php\/2019\/01\/21\/exercice-bspp\/\" class=\"entry-more pro-btn pro-btn-rounded pro-btn-xxs pro-btn-flat-accent\">Read More<span class=\"screen-reader-text\"> about SIHAM ET SON EQUIPE  : ILS ASSURENT<\/span><\/a>","protected":false},"author":1,"featured_media":0,"parent":0,"menu_order":0,"comment_status":"closed","ping_status":"closed","template":"","meta":{"footnotes":""},"class_list":["post-15","page","type-page","status-publish","hentry"],"_links":{"self":[{"href":"https:\/\/scid-challancin.fr\/index.php\/wp-json\/wp\/v2\/pages\/15"}],"collection":[{"href":"https:\/\/scid-challancin.fr\/index.php\/wp-json\/wp\/v2\/pages"}],"about":[{"href":"https:\/\/scid-challancin.fr\/index.php\/wp-json\/wp\/v2\/types\/page"}],"author":[{"embeddable":true,"href":"https:\/\/scid-challancin.fr\/index.php\/wp-json\/wp\/v2\/users\/1"}],"replies":[{"embeddable":true,"href":"https:\/\/scid-challancin.fr\/index.php\/wp-json\/wp\/v2\/comments?post=15"}],"version-history":[{"count":3,"href":"https:\/\/scid-challancin.fr\/index.php\/wp-json\/wp\/v2\/pages\/15\/revisions"}],"predecessor-version":[{"id":5437,"href":"https:\/\/scid-challancin.fr\/index.php\/wp-json\/wp\/v2\/pages\/15\/revisions\/5437"}],"wp:attachment":[{"href":"https:\/\/scid-challancin.fr\/index.php\/wp-json\/wp\/v2\/media?parent=15"}],"curies":[{"name":"wp","href":"https:\/\/api.w.org\/{rel}","templated":true}]}}